{"id":87,"date":"2023-09-15T05:02:30","date_gmt":"2023-09-15T05:02:30","guid":{"rendered":"http:\/\/yoge-demo.pbminfotech.com\/demo1\/?page_id=2909"},"modified":"2026-03-25T19:41:05","modified_gmt":"2026-03-25T16:41:05","slug":"contact-us","status":"publish","type":"page","link":"https:\/\/fortunatarim.com\/?page_id=87","title":{"rendered":"\u0130leti\u015fim"},"content":{"rendered":"\t\t<div data-elementor-type=\"wp-page\" data-elementor-id=\"87\" class=\"elementor elementor-87\">\n\t\t\t\t\t\t<section class=\"elementor-section elementor-top-section elementor-element elementor-element-1802f7c pbmit-col-stretched-none pbmit-bg-color-over-image elementor-section-boxed elementor-section-height-default elementor-section-height-default\" data-id=\"1802f7c\" data-element_type=\"section\">\n\t\t\t\t\t\t<div class=\"elementor-container elementor-column-gap-no\">\n\t\t\t\t\t<div class=\"elementor-column elementor-col-50 elementor-top-column elementor-element elementor-element-5638a5b pbmit-bg-color-over-image\" data-id=\"5638a5b\" data-element_type=\"column\">\n\t\t\t<div class=\"elementor-widget-wrap elementor-element-populated\">\n\t\t\t\t\t\t<div class=\"elementor-element elementor-element-c933321 elementor-widget elementor-widget-pbmit_icon_heading\" data-id=\"c933321\" data-element_type=\"widget\" data-widget_type=\"pbmit_icon_heading.default\">\n\t\t\t\t<div class=\"elementor-widget-container\">\n\t\t\t\t\t<div class=\"pbmit-ihbox pbmit-ihbox-style-9\"><div class=\"pbmit-ihbox-headingicon d-sm-flex align-items-center\">\r\n\r\n\t<div class=\"pbmit-ihbox-icon\"><div class=\"pbmit-ihbox-icon-wrapper pbmit-ihbox-icon-type-icon\"><i class=\"mdi mdi-email\"><\/i><\/div><\/div>\t<div class=\"pbmit-ihbox-contents\">\r\n\t\t\t\t<h2 class=\"pbmit-element-title\">E-Mail<\/h2>\t\t\t\t<div class=\"pbmit-heading-desc\">info@fortunatarim.com<\/div>\t\t\t<\/div>\r\n<\/div><\/div>\t\t\t\t<\/div>\n\t\t\t\t<\/div>\n\t\t\t\t\t<\/div>\n\t\t<\/div>\n\t\t\t\t<div class=\"elementor-column elementor-col-50 elementor-top-column elementor-element elementor-element-2a33776 pbmit-bg-color-over-image\" data-id=\"2a33776\" data-element_type=\"column\">\n\t\t\t<div class=\"elementor-widget-wrap elementor-element-populated\">\n\t\t\t\t\t\t<div class=\"elementor-element elementor-element-487bdf5 elementor-widget elementor-widget-pbmit_icon_heading\" data-id=\"487bdf5\" data-element_type=\"widget\" data-widget_type=\"pbmit_icon_heading.default\">\n\t\t\t\t<div class=\"elementor-widget-container\">\n\t\t\t\t\t<div class=\"pbmit-ihbox pbmit-ihbox-style-9\"><div class=\"pbmit-ihbox-headingicon d-sm-flex align-items-center\">\r\n\r\n\t<div class=\"pbmit-ihbox-icon\"><div class=\"pbmit-ihbox-icon-wrapper pbmit-ihbox-icon-type-icon\"><i class=\"fas fa-location-arrow\"><\/i><\/div><\/div>\t<div class=\"pbmit-ihbox-contents\">\r\n\t\t\t\t<h2 class=\"pbmit-element-title\">Adres<\/h2>\t\t\t\t<div class=\"pbmit-heading-desc\">Merkez<br>\nP\u0131narba\u015f\u0131 Mah. H\u00fcrriyet Cad. No: 3C\/1 Akdeniz \u00dcniversitesi Teknokent<br>07070 <br>Konyaalt\u0131\/Antalya<br><br>\nTesis<br>\nBayat, 07800 <br>\nKorkuteli\/Antalya, <br>T\u00fcrkiye\n<\/div>\t\t\t<\/div>\r\n<\/div><\/div>\t\t\t\t<\/div>\n\t\t\t\t<\/div>\n\t\t\t\t\t<\/div>\n\t\t<\/div>\n\t\t\t\t\t<\/div>\n\t\t<\/section>\n\t\t\t\t<div class=\"elementor-section elementor-top-section elementor-element elementor-element-2c5c708 pbmit-col-stretched-none pbmit-bg-color-over-image elementor-section-boxed elementor-section-height-default elementor-section-height-default\" data-id=\"2c5c708\" data-element_type=\"section\">\n\t\t\t\t\t\t<div class=\"elementor-container elementor-column-gap-no\">\n\t\t\t\t\t<div class=\"elementor-column elementor-col-100 elementor-top-column elementor-element elementor-element-54fd90b pbmit-bg-color-over-image\" data-id=\"54fd90b\" data-element_type=\"column\">\n\t\t\t<div class=\"elementor-widget-wrap elementor-element-populated\">\n\t\t\t\t\t\t<div class=\"elementor-element elementor-element-9c80829 elementor-widget elementor-widget-pbmit_heading\" data-id=\"9c80829\" data-element_type=\"widget\" data-widget_type=\"pbmit_heading.default\">\n\t\t\t\t<div class=\"elementor-widget-container\">\n\t\t\t\t\t\t<div class=\"pbmit-heading-subheading pbmit-reverse-heading-yes animation-style2\"><h4 class=\"pbmit-element-subtitle\"><span>\r\n\t\t\t<\/span>\r\n\t\t\t\r\n\t\t\t\t\u0130LET\u0130\u015e\u0130M\r\n\t\t\t\r\n\t\t\t<\/h4>\r\n\t\t<h2 class=\"pbmit-element-title\">\r\n\t\t\t\r\n\t\t\t\tBize Yazin\r\n\t\t\t\r\n\t\t\t<\/h2>\r\n\t\t<div class=\"pbmit-heading-desc\">T\u00fcrkiye\u2019nin en y\u00fcksek kapasiteli, tek , topraks\u0131z, lisansl\u0131, steril pot fide \u00fcretim tesisleri. <\/div><\/div>\t\t\t\t<\/div>\n\t\t\t\t<\/div>\n\t\t\t\t<section class=\"elementor-section elementor-inner-section elementor-element elementor-element-9fd75c3 pbmit-col-stretched-none pbmit-bg-color-over-image elementor-section-boxed elementor-section-height-default elementor-section-height-default\" data-id=\"9fd75c3\" data-element_type=\"section\">\n\t\t\t\t\t\t<div class=\"elementor-container elementor-column-gap-no\">\n\t\t\t\t\t<div class=\"elementor-column elementor-col-50 elementor-inner-column elementor-element elementor-element-46234fc pbmit-bg-color-yes pbmit-elementor-bg-color-white pbmit-bg-color-over-image\" data-id=\"46234fc\" data-element_type=\"column\">\n\t\t\t<div class=\"elementor-widget-wrap elementor-element-populated\">\n\t\t\t\t\t\t<div class=\"elementor-element elementor-element-a479089 elementor-widget elementor-widget-pbmit_custom_heading\" data-id=\"a479089\" data-element_type=\"widget\" data-widget_type=\"pbmit_custom_heading.default\">\n\t\t\t\t<div class=\"elementor-widget-container\">\n\t\t\t\t\t\t<div class=\"pbmit-custom-heading -align animation-style4\"><h3 class=\"pbmit-element-title\">\r\n\t\t\t\r\n\t\t\t\tMesaj\r\n\t\t\t\r\n\t\t\t<\/h3>\r\n\t\t<\/div>\t\t\t\t<\/div>\n\t\t\t\t<\/div>\n\t\t\t\t<div class=\"elementor-element elementor-element-afff0ec elementor-widget elementor-widget-shortcode\" data-id=\"afff0ec\" data-element_type=\"widget\" data-widget_type=\"shortcode.default\">\n\t\t\t\t<div class=\"elementor-widget-container\">\n\t\t\t\t\t\t\t<div class=\"elementor-shortcode\">\n<div class=\"wpcf7 no-js\" id=\"wpcf7-f48-o1\" lang=\"en-US\" dir=\"ltr\" data-wpcf7-id=\"48\">\n<div class=\"screen-reader-response\"><p role=\"status\" aria-live=\"polite\" aria-atomic=\"true\"><\/p> <ul><\/ul><\/div>\n<form action=\"\/index.php?rest_route=%2Fwp%2Fv2%2Fpages%2F87#wpcf7-f48-o1\" method=\"post\" class=\"wpcf7-form init\" aria-label=\"Contact form\" novalidate=\"novalidate\" data-status=\"init\">\n<fieldset class=\"hidden-fields-container\"><input type=\"hidden\" name=\"_wpcf7\" value=\"48\" \/><input type=\"hidden\" name=\"_wpcf7_version\" value=\"6.1.3\" \/><input type=\"hidden\" name=\"_wpcf7_locale\" value=\"en_US\" \/><input type=\"hidden\" name=\"_wpcf7_unit_tag\" value=\"wpcf7-f48-o1\" \/><input type=\"hidden\" name=\"_wpcf7_container_post\" value=\"0\" \/><input type=\"hidden\" name=\"_wpcf7_posted_data_hash\" value=\"\" \/>\n<\/fieldset>\n<div class=\"pbmit-form pbmit-contact-form\">\n\t<div class=\"row\">\n\t\t<div class=\"col-sm-12 col-md-6\">\n\t\t\t<div class=\"input-group\">\n\t\t\t\t<p><span class=\"wpcf7-form-control-wrap\" data-name=\"your-name\"><input size=\"40\" maxlength=\"400\" class=\"wpcf7-form-control wpcf7-text wpcf7-validates-as-required\" aria-required=\"true\" aria-invalid=\"false\" placeholder=\"Ad\u0131n\u0131z *\" value=\"\" type=\"text\" name=\"your-name\" \/><\/span>\n\t\t\t\t<\/p>\n\t\t\t<\/div>\n\t\t<\/div>\n\t\t<div class=\"col-sm-12 col-md-6\">\n\t\t\t<div class=\"input-group\">\n\t\t\t\t<p><span class=\"wpcf7-form-control-wrap\" data-name=\"email-address\"><input size=\"40\" maxlength=\"400\" class=\"wpcf7-form-control wpcf7-email wpcf7-validates-as-required wpcf7-text wpcf7-validates-as-email\" aria-required=\"true\" aria-invalid=\"false\" placeholder=\"E-posta Adresiniz *\" value=\"\" type=\"email\" name=\"email-address\" \/><\/span>\n\t\t\t\t<\/p>\n\t\t\t<\/div>\n\t\t<\/div>\n\t<\/div>\n\t<div class=\"row\">\n\t\t<div class=\"col-sm-12 col-md-6\">\n\t\t\t<div class=\"input-group\">\n\t\t\t\t<p><span class=\"wpcf7-form-control-wrap\" data-name=\"phone-number\"><input size=\"40\" maxlength=\"400\" class=\"wpcf7-form-control wpcf7-text wpcf7-validates-as-required\" aria-required=\"true\" aria-invalid=\"false\" placeholder=\"Telefon Numaran\u0131z *\" value=\"\" type=\"text\" name=\"phone-number\" \/><\/span>\n\t\t\t\t<\/p>\n\t\t\t<\/div>\n\t\t<\/div>\n\t\t<div class=\"col-sm-12 col-md-6\">\n\t\t\t<div class=\"input-group\">\n\t\t\t\t<p><span class=\"wpcf7-form-control-wrap\" data-name=\"subject\"><input size=\"40\" maxlength=\"400\" class=\"wpcf7-form-control wpcf7-text wpcf7-validates-as-required\" aria-required=\"true\" aria-invalid=\"false\" placeholder=\"Konu\" value=\"\" type=\"text\" name=\"subject\" \/><\/span>\n\t\t\t\t<\/p>\n\t\t\t<\/div>\n\t\t<\/div>\n\t<\/div>\n\t<div class=\"row\">\n\t\t<div class=\"col-sm-12\">\n\t\t\t<div class=\"input-group input-textarea\">\n\t\t\t\t<p><span class=\"wpcf7-form-control-wrap\" data-name=\"textarea-806\"><textarea cols=\"40\" rows=\"10\" maxlength=\"2000\" class=\"wpcf7-form-control wpcf7-textarea wpcf7-validates-as-required\" aria-required=\"true\" aria-invalid=\"false\" placeholder=\"Mesaj\u0131n\u0131z\" name=\"textarea-806\"><\/textarea><\/span>\n\t\t\t\t<\/p>\n\t\t\t<\/div>\n\t\t<\/div>\n\t<\/div>\n\t<div class=\"col-sm-12\">\n\t\t<p><span class=\"wpcf7-form-control-wrap\" data-name=\"checkbox-274\"><span class=\"wpcf7-form-control wpcf7-checkbox\"><span class=\"wpcf7-list-item first last\"><label><input type=\"checkbox\" name=\"checkbox-274[]\" value=\"Ad\u0131m\u0131, e-posta adresimi ve web sitemi bu taray\u0131c\u0131da bir sonraki yorumum i\u00e7in kaydet.\" \/><span class=\"wpcf7-list-item-label\">Ad\u0131m\u0131, e-posta adresimi ve web sitemi bu taray\u0131c\u0131da bir sonraki yorumum i\u00e7in kaydet.<\/span><\/label><\/span><\/span><\/span>\n\t\t<\/p>\n\t<\/div>\n\t<div class=\"col-sm-12\">\n\t\t<div class=\"input-group input-button\">\n\t\t\t<p><button id='submit' class='wpcf7-form-control wpcf7-submit'><br \/>\n<span class=\"pbmit-button-text\">G\u00f6nder<\/span><br \/>\n<span class=\"pbmit-button-icon-wrapper\"><br \/>\n<span class=\"pbmit-button-icon\"><br \/>\n<i class=\"pbmit-base-icon-black-arrow-1\"><\/i><br \/>\n<\/span><br \/>\n<\/span><br \/>\n<\/button>\n\t\t\t<\/p>\n\t\t<\/div>\n\t<\/div>\n<\/div><div class=\"wpcf7-response-output\" aria-hidden=\"true\"><\/div>\n<\/form>\n<\/div>\n<\/div>\n\t\t\t\t\t\t<\/div>\n\t\t\t\t<\/div>\n\t\t\t\t\t<\/div>\n\t\t<\/div>\n\t\t\t\t<div class=\"elementor-column elementor-col-50 elementor-inner-column elementor-element elementor-element-254e286 pbmit-text-color-white pbmit-bg-color-yes pbmit-elementor-bg-color-globalcolor pbmit-bg-image-over-color\" data-id=\"254e286\" data-element_type=\"column\" data-settings=\"{&quot;background_background&quot;:&quot;classic&quot;}\">\n\t\t\t<div class=\"elementor-widget-wrap elementor-element-populated\">\n\t\t\t\t\t\t<div class=\"elementor-element elementor-element-037962a pbmit-animation-style4 elementor-widget elementor-widget-image\" data-id=\"037962a\" data-element_type=\"widget\" data-widget_type=\"image.default\">\n\t\t\t\t<div class=\"elementor-widget-container\">\n\t\t\t\t\t\t\t\t\t\t\t\t\t\t\t<img decoding=\"async\" src=\"https:\/\/fortunatarim.com\/wp-content\/uploads\/elementor\/thumbs\/thmb-r5rc08nr6yjtt7op64ax5m0bam5nlzm0eigv9cs9uc.jpg\" title=\"thmb\" alt=\"thmb\" loading=\"lazy\" \/>\t\t\t\t\t\t\t\t\t\t\t\t\t\t\t<\/div>\n\t\t\t\t<\/div>\n\t\t\t\t<div class=\"elementor-element elementor-element-f964086 elementor-widget elementor-widget-pbmit_icon_heading\" data-id=\"f964086\" data-element_type=\"widget\" data-widget_type=\"pbmit_icon_heading.default\">\n\t\t\t\t<div class=\"elementor-widget-container\">\n\t\t\t\t\t<div class=\"pbmit-ihbox pbmit-ihbox-style-11\"><div class=\"pbmit-ihbox-headingicon\">\t\r\n\t\t<div class=\"pbmit-ihbox-contents\">\r\n\t\t\t\t<h2 class=\"pbmit-element-title\">Sipari\u015f veya teknik bilgi i\u00e7in ileti\u015fime ge\u00e7ebilirsiniz.\n<\/h2>\t\t<h4 class=\"pbmit-element-heading\">\r\n\t\t\t\t\t\r\n\t\t\t\t\t\tA\u00e7\u0131k G\u00fcnler\r\n\t\t\t\t\t\r\n\t\t\t\t\t<\/h4>\r\n\t\t\t\t\t\t<div class=\"pbmit-heading-desc\">Pazartesi - Cuma<br>\n09:00 - 17:00<\/div>\t\t\t<\/div><!-- .pbmit-ihbox-contents -->\r\n<\/div><\/div>\t\t\t\t<\/div>\n\t\t\t\t<\/div>\n\t\t\t\t\t<\/div>\n\t\t<\/div>\n\t\t\t\t\t<\/div>\n\t\t<\/section>\n\t\t\t\t\t<\/div>\n\t\t<\/div>\n\t\t\t\t\t<\/div>\n\t\t<\/div>\n\t\t\t\t<div class=\"elementor-section elementor-top-section elementor-element elementor-element-9db8c18 elementor-section-full_width elementor-section-stretched pbmit-google-map pbmit-col-stretched-none pbmit-bg-color-over-image elementor-section-height-default elementor-section-height-default\" data-id=\"9db8c18\" data-element_type=\"section\" data-settings=\"{&quot;stretch_section&quot;:&quot;section-stretched&quot;}\">\n\t\t\t\t\t\t<div class=\"elementor-container elementor-column-gap-no\">\n\t\t\t\t\t<div class=\"elementor-column elementor-col-100 elementor-top-column elementor-element elementor-element-aa00f91 pbmit-bg-color-over-image\" data-id=\"aa00f91\" data-element_type=\"column\">\n\t\t\t<div class=\"elementor-widget-wrap elementor-element-populated\">\n\t\t\t\t\t\t<div class=\"elementor-element elementor-element-7ff53a3 elementor-widget elementor-widget-google_maps\" data-id=\"7ff53a3\" data-element_type=\"widget\" data-widget_type=\"google_maps.default\">\n\t\t\t\t<div class=\"elementor-widget-container\">\n\t\t\t\t\t\t\t<div class=\"elementor-custom-embed\">\n\t\t\t<iframe loading=\"lazy\"\n\t\t\t\t\tsrc=\"https:\/\/maps.google.com\/maps?q=P%C4%B1narba%C5%9F%C4%B1%2C%20H%C3%BCrriyet%20Cd.%2C%2007070%20Konyaalt%C4%B1%2FAntalya&#038;t=m&#038;z=14&#038;output=embed&#038;iwloc=near\"\n\t\t\t\t\ttitle=\"P\u0131narba\u015f\u0131, H\u00fcrriyet Cd., 07070 Konyaalt\u0131\/Antalya\"\n\t\t\t\t\taria-label=\"P\u0131narba\u015f\u0131, H\u00fcrriyet Cd., 07070 Konyaalt\u0131\/Antalya\"\n\t\t\t><\/iframe>\n\t\t<\/div>\n\t\t\t\t\t\t<\/div>\n\t\t\t\t<\/div>\n\t\t\t\t\t<\/div>\n\t\t<\/div>\n\t\t\t\t\t<\/div>\n\t\t<\/div>\n\t\t\t\t<\/div>\n\t\t","protected":false},"excerpt":{"rendered":"<p>E-Mail info@fortunatarim.com Adres Merkez P\u0131narba\u015f\u0131 Mah. H\u00fcrriyet Cad. No: 3C\/1 Akdeniz \u00dcniversitesi Teknokent07070 Konyaalt\u0131\/Antalya Tesis Bayat, 07800 Korkuteli\/Antalya, T\u00fcrkiye \u0130LET\u0130\u015e\u0130M Bize Yazin T\u00fcrkiye\u2019nin en y\u00fcksek kapasiteli, tek , topraks\u0131z, lisansl\u0131, steril pot fide \u00fcretim tesisleri. Mesaj Sipari\u015f veya teknik bilgi i\u00e7in ileti\u015fime ge\u00e7ebilirsiniz. A\u00e7\u0131k G\u00fcnler Pazartesi &#8211; Cuma 09:00 &#8211; 17:00<\/p>\n","protected":false},"author":1,"featured_media":0,"parent":0,"menu_order":19,"comment_status":"closed","ping_status":"closed","template":"","meta":{"_acf_changed":false,"inline_featured_image":false,"footnotes":""},"class_list":["post-87","page","type-page","status-publish","hentry"],"acf":[],"_links":{"self":[{"href":"https:\/\/fortunatarim.com\/index.php?rest_route=\/wp\/v2\/pages\/87","targetHints":{"allow":["GET"]}}],"collection":[{"href":"https:\/\/fortunatarim.com\/index.php?rest_route=\/wp\/v2\/pages"}],"about":[{"href":"https:\/\/fortunatarim.com\/index.php?rest_route=\/wp\/v2\/types\/page"}],"author":[{"embeddable":true,"href":"https:\/\/fortunatarim.com\/index.php?rest_route=\/wp\/v2\/users\/1"}],"replies":[{"embeddable":true,"href":"https:\/\/fortunatarim.com\/index.php?rest_route=%2Fwp%2Fv2%2Fcomments&post=87"}],"version-history":[{"count":32,"href":"https:\/\/fortunatarim.com\/index.php?rest_route=\/wp\/v2\/pages\/87\/revisions"}],"predecessor-version":[{"id":748,"href":"https:\/\/fortunatarim.com\/index.php?rest_route=\/wp\/v2\/pages\/87\/revisions\/748"}],"wp:attachment":[{"href":"https:\/\/fortunatarim.com\/index.php?rest_route=%2Fwp%2Fv2%2Fmedia&parent=87"}],"curies":[{"name":"wp","href":"https:\/\/api.w.org\/{rel}","templated":true}]}}