{"id":86,"date":"2023-09-26T09:45:01","date_gmt":"2023-09-26T09:45:01","guid":{"rendered":"http:\/\/yoge-demo.pbminfotech.com\/demo1\/?page_id=4402"},"modified":"2026-03-26T20:22:36","modified_gmt":"2026-03-26T17:22:36","slug":"about-us","status":"publish","type":"page","link":"https:\/\/fortunatarim.com\/?page_id=86","title":{"rendered":"Hakk\u0131m\u0131zda"},"content":{"rendered":"\t\t<div data-elementor-type=\"wp-page\" data-elementor-id=\"86\" class=\"elementor elementor-86\">\n\t\t\t\t\t\t<section class=\"elementor-section elementor-top-section elementor-element elementor-element-b474171 pbmit-col-stretched-none pbmit-bg-color-over-image elementor-section-boxed elementor-section-height-default elementor-section-height-default\" data-id=\"b474171\" data-element_type=\"section\">\n\t\t\t\t\t\t<div class=\"elementor-container elementor-column-gap-no\">\n\t\t\t\t\t<div class=\"elementor-column elementor-col-50 elementor-top-column elementor-element elementor-element-8f9b7cd pbmit-bg-image-over-color\" data-id=\"8f9b7cd\" data-element_type=\"column\" data-settings=\"{&quot;background_background&quot;:&quot;classic&quot;}\">\n\t\t\t<div class=\"elementor-widget-wrap\">\n\t\t\t\t\t\t\t<\/div>\n\t\t<\/div>\n\t\t\t\t<div class=\"elementor-column elementor-col-50 elementor-top-column elementor-element elementor-element-bef679c pbmit-bg-color-over-image\" data-id=\"bef679c\" data-element_type=\"column\">\n\t\t\t<div class=\"elementor-widget-wrap elementor-element-populated\">\n\t\t\t\t\t\t<div class=\"elementor-element elementor-element-392a863 elementor-widget elementor-widget-pbmit_heading\" data-id=\"392a863\" data-element_type=\"widget\" data-widget_type=\"pbmit_heading.default\">\n\t\t\t\t<div class=\"elementor-widget-container\">\n\t\t\t\t\t\t<div class=\"pbmit-heading-subheading pbmit-reverse-heading-yes animation-style4\"><h4 class=\"pbmit-element-subtitle\"><span>\r\n\t\t\t<\/span>\r\n\t\t\t\r\n\t\t\t\tHAKKIMIZDA\r\n\t\t\t\r\n\t\t\t<\/h4>\r\n\t\t<h2 class=\"pbmit-element-title\">\r\n\t\t\t\r\n\t\t\t\tFORTUNA TARIM\r\n\t\t\t\r\n\t\t\t<\/h2>\r\n\t\t<\/div>\t\t\t\t<\/div>\n\t\t\t\t<\/div>\n\t\t\t\t<div class=\"elementor-element elementor-element-c021aff elementor-widget elementor-widget-spacer\" data-id=\"c021aff\" data-element_type=\"widget\" data-widget_type=\"spacer.default\">\n\t\t\t\t<div class=\"elementor-widget-container\">\n\t\t\t\t\t\t\t<div class=\"elementor-spacer\">\n\t\t\t<div class=\"elementor-spacer-inner\"><\/div>\n\t\t<\/div>\n\t\t\t\t\t\t<\/div>\n\t\t\t\t<\/div>\n\t\t\t\t<div class=\"elementor-element elementor-element-5f579db elementor-widget elementor-widget-text-editor\" data-id=\"5f579db\" data-element_type=\"widget\" data-widget_type=\"text-editor.default\">\n\t\t\t\t<div class=\"elementor-widget-container\">\n\t\t\t\t\t\t\t\t\t<p>Fortuna Tar\u0131m A.\u015e., 2020 y\u0131l\u0131nda Antalya\u2019da, topraks\u0131z \u00e7ilek yeti\u015ftirme teknikleri ve farkl\u0131 \u00e7ilek \u00e7e\u015fitlerinin adaptasyon s\u00fcre\u00e7lerini ara\u015ft\u0131rmak amac\u0131yla kurulan bir AR-GE seras\u0131 ile faaliyetlerine ba\u015flad\u0131. \u00c7ilek pazar\u0131n\u0131n ihtiya\u00e7 duydu\u011fu k\u00e2rl\u0131l\u0131k ve do\u011fru \u00fcretim y\u00f6ntemleri, uzun soluklu denemelerle geli\u015ftirildi.<br \/><br \/>Verimli ve pazar\u0131n taleplerine uygun \u00e7ilek \u00e7e\u015fitleri, Fortuna\u2019n\u0131n AR-GE \u00e7al\u0131\u015fmalar\u0131yla belirlendi. Bu \u00e7e\u015fitlerin profesyonel \u00e7ilek \u00fcreticilerine en kaliteli formda sunulabilmesi i\u00e7in fide \u00fcretimine y\u00f6nelik AR-GE s\u00fcreci ba\u015flat\u0131ld\u0131.<br \/><br \/>T\u00fcm bu \u00e7al\u0131\u015fmalar sonucunda, sekt\u00f6r\u00fcn ihtiyac\u0131 olan \u00e7ilek fidelerinin en kaliteli ve en steril ko\u015fullarda \u00fcretimini m\u00fcmk\u00fcn k\u0131lan Fortuna Topraks\u0131z Pot Fide \u00dcretim Tesisleri hayata ge\u00e7irildi. Bu tesis sayesinde, lisansl\u0131 Fortuna fideleri hem yerli hem de yabanc\u0131 pazarlarda, \u00fcreticilerin ihtiyac\u0131 olan zamanda ve do\u011fru \u00e7e\u015fitlerle \u00fcretilmeye devam etmektedir.<\/p>\t\t\t\t\t\t\t\t<\/div>\n\t\t\t\t<\/div>\n\t\t\t\t\t<\/div>\n\t\t<\/div>\n\t\t\t\t\t<\/div>\n\t\t<\/section>\n\t\t\t\t<div class=\"elementor-section elementor-top-section elementor-element elementor-element-6d92e1b elementor-section-full_width elementor-section-stretched pbmit-col-stretched-none pbmit-bg-color-over-image elementor-section-height-default elementor-section-height-default\" data-id=\"6d92e1b\" data-element_type=\"section\" data-settings=\"{&quot;stretch_section&quot;:&quot;section-stretched&quot;}\">\n\t\t\t\t\t\t<div class=\"elementor-container elementor-column-gap-no\">\n\t\t\t\t\t<div class=\"elementor-column elementor-col-100 elementor-top-column elementor-element elementor-element-29bbc34 elementor-hidden-desktop elementor-hidden-laptop elementor-hidden-tablet_extra elementor-hidden-tablet elementor-hidden-mobile pbmit-bg-color-over-image\" data-id=\"29bbc34\" data-element_type=\"column\">\n\t\t\t<div class=\"elementor-widget-wrap elementor-element-populated\">\n\t\t\t\t\t\t<div class=\"elementor-element elementor-element-7c6cd44 elementor-widget elementor-widget-pbmit_static_box_element\" data-id=\"7c6cd44\" data-element_type=\"widget\" data-widget_type=\"pbmit_static_box_element.default\">\n\t\t\t\t<div class=\"elementor-widget-container\">\n\t\t\t\t\t\r\n\t\t\r\n\t\t<div class=\"pbminfotech-element\r\n\t\t\tpbminfotech-element-static-box\t\t\tpbmit-element-static-box-style-1\t\t\tpbmit-element-viewtype-row-column\t\t\tpbmit-element-column-three\t\t\tpbmit-element-sticky-carousel-false\t\t\tpbmit-element-caroursel-dot-false\t\t\tpbmit-infinite-scroll-no\t\t\tpbmit-infinite-scroll-button-no\t\t\t\t\t\t\t\t\t\t\t\t\"\r\n\r\n\t\t\tdata-cpt=\"static-box\"\r\n\t\t\tdata-totalpagination=\"1\"\r\n\t\t\tdata-style=\"1\"\r\n\t\t\tdata-show=\"3\"\r\n\t\t\tdata-columns=\"3\"\r\n\t\t\tdata-loop=\"false\"\r\n\t\t\tdata-autoplay=\"false\"\r\n\t\t\tdata-center=\"false\"\r\n\t\t\tdata-nav=\"false\"\r\n\t\t\tdata-dots=\"false\"\r\n\t\t\tdata-reverse=\"false\"\r\n\t\t\tdata-speed=\"1000\"\r\n\t\t\tdata-delay=\"4000\"\r\n\t\t\tdata-margin=\"\">\r\n\r\n\t\t\t<div class=\"pbmit-element-inner\">\r\n\t\t\r\n\r\n\t\t\t<div class=\"pbmit-heading-subheading  animation-style4\"><\/div>\r\n\t\t<div class=\"pbmit-element-posts-wrapper  row multi-columns-row\">\r\n\t\t\t\t<article class=\"pbmit-ele pbmit-ele-static-box pbmit-static-box-style-1    \"><div class=\"pbmit-bg-imgbox\" style=\"background-image: url(http:\/\/yoge-demo.pbminfotech.com\/datasite\/wp-content\/uploads\/sites\/6\/2023\/10\/static-box.jpg)\">\r\n\t<div class=\"pbmit-img-text\">\t\t\r\n\t\t<div class=\"pbmit-text d-flex align-items-center justify-content-center\">\r\n\t\t\t<div class=\"pbminfotech-static-box-number\">01<\/div>\t\t\t<div class=\"pbminfotech-box-title\"><h4>Protection From Injury<\/h4><\/div>\t\t<\/div>\r\n\t<\/div>\r\n<\/div>\r\n<div class=\"pbmit-img\">\r\n\t<\/div>\r\n<div class=\"pbmit-contentbox\">\r\n\t<div class=\"pbmit-contentbox-inner\">\r\n\t\t\t\t<div class=\"pbminfotech-box-title\"><h4>Protection From Injury<\/h4><\/div>\t\t<div class=\"pbminfotech-static-box-desc\">There are many variations of passages of Lorem Ipsum available, but the majority have suffered alteration.<\/div>\t\t<div class=\"pbmit-btn\"><a href=\"#\"><span class=\"pbmit-button-text\">Read More<\/span><span class=\"pbmit-button-icon-wrapper\"><span class=\"pbmit-button-icon\"><i class=\"pbmit-base-icon-black-arrow-1\"><\/i><\/span><\/span><\/a><\/div>\t<\/div>\r\n<\/div><\/article><article class=\"pbmit-ele pbmit-ele-static-box pbmit-static-box-style-1    \"><div class=\"pbmit-bg-imgbox\" style=\"background-image: url(http:\/\/yoge-demo.pbminfotech.com\/datasite\/wp-content\/uploads\/sites\/6\/2023\/10\/static-box.jpg)\">\r\n\t<div class=\"pbmit-img-text\">\t\t\r\n\t\t<div class=\"pbmit-text d-flex align-items-center justify-content-center\">\r\n\t\t\t<div class=\"pbminfotech-static-box-number\">02<\/div>\t\t\t<div class=\"pbminfotech-box-title\"><h4>Weight Reduction<\/h4><\/div>\t\t<\/div>\r\n\t<\/div>\r\n<\/div>\r\n<div class=\"pbmit-img\">\r\n\t<\/div>\r\n<div class=\"pbmit-contentbox\">\r\n\t<div class=\"pbmit-contentbox-inner\">\r\n\t\t\t\t<div class=\"pbminfotech-box-title\"><h4>Weight Reduction<\/h4><\/div>\t\t<div class=\"pbminfotech-static-box-desc\">There are many variations of passages of Lorem Ipsum available, but the majority have suffered alteration.<\/div>\t\t<div class=\"pbmit-btn\"><a href=\"#\"><span class=\"pbmit-button-text\">Read More<\/span><span class=\"pbmit-button-icon-wrapper\"><span class=\"pbmit-button-icon\"><i class=\"pbmit-base-icon-black-arrow-1\"><\/i><\/span><\/span><\/a><\/div>\t<\/div>\r\n<\/div><\/article><article class=\"pbmit-ele pbmit-ele-static-box pbmit-static-box-style-1    \"><div class=\"pbmit-bg-imgbox\" style=\"background-image: url(http:\/\/yoge-demo.pbminfotech.com\/datasite\/wp-content\/uploads\/sites\/6\/2023\/10\/static-box.jpg)\">\r\n\t<div class=\"pbmit-img-text\">\t\t\r\n\t\t<div class=\"pbmit-text d-flex align-items-center justify-content-center\">\r\n\t\t\t<div class=\"pbminfotech-static-box-number\">03<\/div>\t\t\t<div class=\"pbminfotech-box-title\"><h4>Increased Flexibility<\/h4><\/div>\t\t<\/div>\r\n\t<\/div>\r\n<\/div>\r\n<div class=\"pbmit-img\">\r\n\t<\/div>\r\n<div class=\"pbmit-contentbox\">\r\n\t<div class=\"pbmit-contentbox-inner\">\r\n\t\t\t\t<div class=\"pbminfotech-box-title\"><h4>Increased Flexibility<\/h4><\/div>\t\t<div class=\"pbminfotech-static-box-desc\">There are many variations of passages of Lorem Ipsum available, but the majority have suffered alteration.<\/div>\t\t<div class=\"pbmit-btn\"><a href=\"#\"><span class=\"pbmit-button-text\">Read More<\/span><span class=\"pbmit-button-icon-wrapper\"><span class=\"pbmit-button-icon\"><i class=\"pbmit-base-icon-black-arrow-1\"><\/i><\/span><\/span><\/a><\/div>\t<\/div>\r\n<\/div><\/article>\r\n\t\t <\/div>\r\n\r\n\t\t\t\t\t<\/div><!-- .pbmit-element-inner -->\r\n\t\t<\/div><!-- .pbminfotech-element -->\r\n\r\n\t\t\t\t\r\n\t\t\t\t\t\t<\/div>\n\t\t\t\t<\/div>\n\t\t\t\t\t<\/div>\n\t\t<\/div>\n\t\t\t\t\t<\/div>\n\t\t<\/div>\n\t\t\t\t<section class=\"elementor-section elementor-top-section elementor-element elementor-element-81e12b2 pbmit-bg-color-yes pbmit-elementor-bg-color-white elementor-section-full_width elementor-section-stretched pbmit-col-stretched-none pbmit-bg-color-over-image elementor-section-height-default elementor-section-height-default\" data-id=\"81e12b2\" data-element_type=\"section\" data-settings=\"{&quot;background_background&quot;:&quot;classic&quot;,&quot;stretch_section&quot;:&quot;section-stretched&quot;}\">\n\t\t\t\t\t\t<div class=\"elementor-container elementor-column-gap-default\">\n\t\t\t\t\t<div class=\"elementor-column elementor-col-100 elementor-top-column elementor-element elementor-element-4018657 pbmit-bg-color-over-image\" data-id=\"4018657\" data-element_type=\"column\">\n\t\t\t<div class=\"elementor-widget-wrap elementor-element-populated\">\n\t\t\t\t\t\t<div class=\"elementor-element elementor-element-156704f elementor-widget__width-initial elementor-widget elementor-widget-pbmit_client_element\" data-id=\"156704f\" data-element_type=\"widget\" data-widget_type=\"pbmit_client_element.default\">\n\t\t\t\t<div class=\"elementor-widget-container\">\n\t\t\t\t\t\r\n\t\t<div class=\"pbminfotech-element\r\n\t\t\tpbminfotech-element-client\t\t\tpbmit-element-client-style-1\t\t\tpbmit-element-viewtype-row-column\t\t\tpbmit-element-column-four\t\t\tpbmit-element-sticky-carousel-false\t\t\tpbmit-element-caroursel-dot-false\t\t\tpbmit-infinite-scroll-no\t\t\tpbmit-infinite-scroll-button-no\t\t\tpbminfotech-gap-default\t\t\t\t\t\t\t\t\t\"\r\n\r\n\t\t\tdata-cpt=\"client\"\r\n\t\t\tdata-totalpagination=\"1\"\r\n\t\t\tdata-style=\"1\"\r\n\t\t\tdata-show=\"4\"\r\n\t\t\tdata-columns=\"4\"\r\n\t\t\tdata-loop=\"false\"\r\n\t\t\tdata-autoplay=\"false\"\r\n\t\t\tdata-center=\"false\"\r\n\t\t\tdata-nav=\"false\"\r\n\t\t\tdata-dots=\"false\"\r\n\t\t\tdata-reverse=\"false\"\r\n\t\t\tdata-speed=\"1000\"\r\n\t\t\tdata-delay=\"4000\"\r\n\t\t\tdata-margin=\"default\">\r\n\r\n\t\t\t<div class=\"pbmit-element-inner\">\r\n\t\t\r\n\r\n\t\t\r\n\t\t<div class=\"pbmit-ele-header-area\">\r\n\t\t\t\t<div class=\"pbmit-heading-subheading  animation-style4\"><h2 class=\"pbmit-element-title\">\r\n\t\t\t\r\n\t\t\t\tSertifikalar\r\n\t\t\t\r\n\t\t\t<\/h2>\r\n\t\t<h4 class=\"pbmit-element-subtitle\"><span>\r\n\t\t\t<\/span>\r\n\t\t\t\r\n\t\t\t\tPROFESYONEL \u00dcRET\u0130M\r\n\t\t\t\r\n\t\t\t<\/h4>\r\n\t\t<div class=\"pbmit-heading-desc\">\u00dcretim s\u00fcre\u00e7lerimiz, ulusal ve uluslararas\u0131 tar\u0131m standartlar\u0131na uygun olarak belgelendirilmi\u015ftir.<\/div><\/div>\r\n\t\t\t\t\t<\/div>\r\n\r\n\t\t<div class=\"pbmit-infinite-scroll-data\">{\"cpt\":\"client\",\"style\":\"1\",\"columns\":\"4\",\"show\":4,\"order\":\"DESC\",\"orderby\":\"DESC\"}<\/div>\r\n\t\t\t<div class=\"pbmit-element-posts-wrapper row multi-columns-row \">\r\n\r\n\t\t\t\t<article class=\"pbmit-ele pbmit-ele-client pbmit-client-style-1 col-md-6 col-lg-3   \"><div class=\"pbmit-border-wrapper\">\r\n\t<div class=\"pbmit-client-wrapper\">\r\n\t\t<h4 class=\"pbmit-hide\">ISO9001<\/h4>\r\n\t\t\t\t\t\t<div class=\"pbmit-featured-img-wrapper\"><div class=\"pbmit-featured-wrapper\"><a href=\"https:\/\/fortunatarim.com\/?pbmit-client=483\"><img decoding=\"async\" width=\"114\" height=\"114\" src=\"https:\/\/fortunatarim.com\/wp-content\/uploads\/2025\/05\/iso.svg\" class=\"attachment-pbmit-img-770x9999 size-pbmit-img-770x9999 wp-post-image\" alt=\"\" \/><\/a><\/div><\/div>\t\t\t<\/div>\r\n<\/div><\/article><article class=\"pbmit-ele pbmit-ele-client pbmit-client-style-1 col-md-6 col-lg-3   \"><div class=\"pbmit-border-wrapper\">\r\n\t<div class=\"pbmit-client-wrapper\">\r\n\t\t<h4 class=\"pbmit-hide\">Global GAP<\/h4>\r\n\t\t\t\t\t\t<div class=\"pbmit-featured-img-wrapper\"><div class=\"pbmit-featured-wrapper\"><a href=\"https:\/\/fortunatarim.com\/?pbmit-client=global-gap\"><img fetchpriority=\"high\" decoding=\"async\" width=\"2000\" height=\"936\" src=\"https:\/\/fortunatarim.com\/wp-content\/uploads\/2025\/05\/global-g-a-p-seeklogo.png\" class=\"attachment-pbmit-img-770x9999 size-pbmit-img-770x9999 wp-post-image\" alt=\"\" srcset=\"https:\/\/fortunatarim.com\/wp-content\/uploads\/2025\/05\/global-g-a-p-seeklogo.png 2000w, https:\/\/fortunatarim.com\/wp-content\/uploads\/2025\/05\/global-g-a-p-seeklogo-300x140.png 300w, https:\/\/fortunatarim.com\/wp-content\/uploads\/2025\/05\/global-g-a-p-seeklogo-1024x479.png 1024w, https:\/\/fortunatarim.com\/wp-content\/uploads\/2025\/05\/global-g-a-p-seeklogo-768x359.png 768w, https:\/\/fortunatarim.com\/wp-content\/uploads\/2025\/05\/global-g-a-p-seeklogo-1536x719.png 1536w\" sizes=\"(max-width: 2000px) 100vw, 2000px\" \/><\/a><\/div><\/div>\t\t\t<\/div>\r\n<\/div><\/article><article class=\"pbmit-ele pbmit-ele-client pbmit-client-style-1 col-md-6 col-lg-3   \"><div class=\"pbmit-border-wrapper\">\r\n\t<div class=\"pbmit-client-wrapper\">\r\n\t\t<h4 class=\"pbmit-hide\">Grasp<\/h4>\r\n\t\t\t\t\t\t<div class=\"pbmit-featured-img-wrapper\"><div class=\"pbmit-featured-wrapper\"><a href=\"https:\/\/fortunatarim.com\/?pbmit-client=grasp\"><img decoding=\"async\" width=\"100\" height=\"1008\" src=\"https:\/\/fortunatarim.com\/wp-content\/uploads\/2025\/05\/Grasp.svg\" class=\"attachment-pbmit-img-770x9999 size-pbmit-img-770x9999 wp-post-image\" alt=\"\" \/><\/a><\/div><\/div>\t\t\t<\/div>\r\n<\/div><\/article><article class=\"pbmit-ele pbmit-ele-client pbmit-client-style-1 col-md-6 col-lg-3   \"><div class=\"pbmit-border-wrapper\">\r\n\t<div class=\"pbmit-client-wrapper\">\r\n\t\t<h4 class=\"pbmit-hide\">Sedex<\/h4>\r\n\t\t\t\t\t\t<div class=\"pbmit-featured-img-wrapper\"><div class=\"pbmit-featured-wrapper\"><a href=\"https:\/\/fortunatarim.com\/?pbmit-client=sedex\"><img loading=\"lazy\" decoding=\"async\" width=\"197\" height=\"194\" src=\"https:\/\/fortunatarim.com\/wp-content\/uploads\/2025\/05\/Sedex-Certification.svg\" class=\"attachment-pbmit-img-770x9999 size-pbmit-img-770x9999 wp-post-image\" alt=\"\" \/><\/a><\/div><\/div>\t\t\t<\/div>\r\n<\/div><\/article>\r\n\t\t\t<\/div> <!-- .pbmit-element-posts-wrapper -->\r\n\r\n\t\t\t\r\n\t\t\r\n\t\t\r\n\t\t\t\t\t<\/div><!-- .pbmit-element-inner -->\r\n\t\t<\/div><!-- .pbminfotech-element -->\r\n\r\n\t\t\r\n\t\t\t\t\t\t<\/div>\n\t\t\t\t<\/div>\n\t\t\t\t\t<\/div>\n\t\t<\/div>\n\t\t\t\t\t<\/div>\n\t\t<\/section>\n\t\t\t\t<\/div>\n\t\t","protected":false},"excerpt":{"rendered":"<p>HAKKIMIZDA FORTUNA TARIM Fortuna Tar\u0131m A.\u015e., 2020 y\u0131l\u0131nda Antalya\u2019da, topraks\u0131z \u00e7ilek yeti\u015ftirme teknikleri ve farkl\u0131 \u00e7ilek \u00e7e\u015fitlerinin adaptasyon s\u00fcre\u00e7lerini ara\u015ft\u0131rmak amac\u0131yla kurulan bir AR-GE seras\u0131 ile faaliyetlerine ba\u015flad\u0131. \u00c7ilek pazar\u0131n\u0131n ihtiya\u00e7 duydu\u011fu k\u00e2rl\u0131l\u0131k ve do\u011fru \u00fcretim y\u00f6ntemleri, uzun soluklu denemelerle geli\u015ftirildi. Verimli ve pazar\u0131n taleplerine uygun \u00e7ilek \u00e7e\u015fitleri, Fortuna\u2019n\u0131n AR-GE \u00e7al\u0131\u015fmalar\u0131yla belirlendi. Bu \u00e7e\u015fitlerin profesyonel [&hellip;]<\/p>\n","protected":false},"author":1,"featured_media":0,"parent":0,"menu_order":3,"comment_status":"closed","ping_status":"closed","template":"","meta":{"_acf_changed":false,"inline_featured_image":false,"footnotes":""},"class_list":["post-86","page","type-page","status-publish","hentry"],"acf":[],"_links":{"self":[{"href":"https:\/\/fortunatarim.com\/index.php?rest_route=\/wp\/v2\/pages\/86","targetHints":{"allow":["GET"]}}],"collection":[{"href":"https:\/\/fortunatarim.com\/index.php?rest_route=\/wp\/v2\/pages"}],"about":[{"href":"https:\/\/fortunatarim.com\/index.php?rest_route=\/wp\/v2\/types\/page"}],"author":[{"embeddable":true,"href":"https:\/\/fortunatarim.com\/index.php?rest_route=\/wp\/v2\/users\/1"}],"replies":[{"embeddable":true,"href":"https:\/\/fortunatarim.com\/index.php?rest_route=%2Fwp%2Fv2%2Fcomments&post=86"}],"version-history":[{"count":49,"href":"https:\/\/fortunatarim.com\/index.php?rest_route=\/wp\/v2\/pages\/86\/revisions"}],"predecessor-version":[{"id":781,"href":"https:\/\/fortunatarim.com\/index.php?rest_route=\/wp\/v2\/pages\/86\/revisions\/781"}],"wp:attachment":[{"href":"https:\/\/fortunatarim.com\/index.php?rest_route=%2Fwp%2Fv2%2Fmedia&parent=86"}],"curies":[{"name":"wp","href":"https:\/\/api.w.org\/{rel}","templated":true}]}}