{"id":85,"date":"2023-09-26T10:45:32","date_gmt":"2023-09-26T10:45:32","guid":{"rendered":"http:\/\/yoge-demo.pbminfotech.com\/demo1\/?page_id=4466"},"modified":"2026-03-27T09:47:06","modified_gmt":"2026-03-27T06:47:06","slug":"our-history","status":"publish","type":"page","link":"https:\/\/fortunatarim.com\/?page_id=85","title":{"rendered":"\u00dcretim Alan\u0131"},"content":{"rendered":"\t\t<div data-elementor-type=\"wp-page\" data-elementor-id=\"85\" class=\"elementor elementor-85\">\n\t\t\t\t\t\t<section class=\"elementor-section elementor-top-section elementor-element elementor-element-25ddb49 pbmit-col-stretched-none pbmit-bg-color-over-image elementor-section-boxed elementor-section-height-default elementor-section-height-default\" data-id=\"25ddb49\" data-element_type=\"section\">\n\t\t\t\t\t\t<div class=\"elementor-container elementor-column-gap-default\">\n\t\t\t\t\t<div class=\"elementor-column elementor-col-100 elementor-top-column elementor-element elementor-element-ab24ae1 pbmit-bg-color-over-image\" data-id=\"ab24ae1\" data-element_type=\"column\">\n\t\t\t<div class=\"elementor-widget-wrap elementor-element-populated\">\n\t\t\t\t\t\t\t<\/div>\n\t\t<\/div>\n\t\t\t\t\t<\/div>\n\t\t<\/section>\n\t\t\t\t<section class=\"elementor-section elementor-top-section elementor-element elementor-element-052e2a7 pbmit-col-stretched-none pbmit-bg-color-over-image elementor-section-boxed elementor-section-height-default elementor-section-height-default\" data-id=\"052e2a7\" data-element_type=\"section\">\n\t\t\t\t\t\t<div class=\"elementor-container elementor-column-gap-default\">\n\t\t\t\t\t<div class=\"elementor-column elementor-col-100 elementor-top-column elementor-element elementor-element-d601c56 pbmit-bg-color-over-image\" data-id=\"d601c56\" data-element_type=\"column\">\n\t\t\t<div class=\"elementor-widget-wrap elementor-element-populated\">\n\t\t\t\t\t\t<div class=\"elementor-element elementor-element-319ecab elementor-widget elementor-widget-pbmit_heading\" data-id=\"319ecab\" data-element_type=\"widget\" data-widget_type=\"pbmit_heading.default\">\n\t\t\t\t<div class=\"elementor-widget-container\">\n\t\t\t\t\t\t<div class=\"pbmit-heading-subheading  animation-style4\"><h2 class=\"pbmit-element-title\">\r\n\t\t\t\r\n\t\t\t\t     \u00dcretim Alan\u0131\r\n\t\t\t\r\n\t\t\t<\/h2>\r\n\t\t<h4 class=\"pbmit-element-subtitle\"><span>\r\n\t\t\t<\/span>\r\n\t\t\t\r\n\t\t\t\tfortuna tar\u0131m\r\n\t\t\t\r\n\t\t\t<\/h4>\r\n\t\t<div class=\"pbmit-heading-desc\">Fortuna Tar\u0131m olarak, 150.000 m\u00b2'lik modern ve y\u00fcksek teknolojili \u00fcretim tesisimizde lisansl\u0131 \u00e7ilek fidesi \u00fcretimi ger\u00e7ekle\u015ftiriyoruz. Antalya\u2019n\u0131n iklim avantajlar\u0131n\u0131 ve ileri tar\u0131m teknolojilerini bir araya getirerek, T\u00fcrkiye\u2019nin en kaliteli ve sa\u011fl\u0131kl\u0131 \u00e7ilek fidelerini \u00fcretiyoruz.\n\nTamamen topraks\u0131z tar\u0131m sistemleri ve tam otomasyon teknolojisi ile donat\u0131lm\u0131\u015f tesisimizde \u00fcretim s\u00fcrecinin her a\u015famas\u0131 kontroll\u00fc ortamda y\u00fcr\u00fct\u00fclmektedir. Bu sayede hastal\u0131k riskini minimuma indiriyor, fide kalitesini ve homojenli\u011fini maksimum seviyeye \u00e7\u0131kar\u0131yoruz.\n\n\u00dcretim Tesisimizin \u00d6zellikleri\n\n\n\n\n\n150.000 m\u00b2 kapal\u0131 \u00fcretim alan\u0131\n\n\n\nY\u00fcksek hijyen standartlar\u0131nda topraks\u0131z (hidroponik) sistemler\n\n\n\nTam otomasyonlu iklim ve sulama kontrol\u00fc\n\n\n\nSertifikal\u0131 ve lisansl\u0131 ana\u00e7lardan ba\u015flayan \u00fcretim s\u00fcreci\n\n\n\nModern laboratuvar ve s\u00fcrekli kalite kontrol\n\nHer fideyi g\u00fc\u00e7l\u00fc k\u00f6k sistemi, h\u0131zl\u0131 adaptasyon yetene\u011fi ve y\u00fcksek verim potansiyeli ile yeti\u015ftiriyoruz. Kulland\u0131\u011f\u0131m\u0131z teknoloji sayesinde fidelerimiz hastal\u0131klara daha dayan\u0131kl\u0131, araziye h\u0131zl\u0131 uyum sa\u011fl\u0131yor ve \u00fcreticilerimize daha y\u00fcksek tonaj imkan\u0131 sunuyor.\n\nKuzey Amerika \u00c7ilek\u00e7iler Birli\u011fi (NASGA) \u00fcyesi olarak, uluslararas\u0131 standartlar\u0131 yak\u0131ndan takip ediyor ve en g\u00fcncel \u00e7e\u015fitleri \u00fcreticilerimizle bulu\u015fturuyoruz. \u00dcretim s\u00fcrecimizde i\u015f sa\u011fl\u0131\u011f\u0131, g\u00fcvenli\u011fi ve \u00e7evre dostu uygulamalara b\u00fcy\u00fck \u00f6nem veriyoruz.\n\nFortuna Tar\u0131m\u2019\u0131n \u00fcretim alan\u0131; sadece bir fide \u00fcretim tesisi de\u011fil, sa\u011fl\u0131kl\u0131, verimli ve s\u00fcrd\u00fcr\u00fclebilir tar\u0131m\u0131n gelece\u011fidir. Deneyimli ziraat m\u00fchendislerimiz ve uzman ekibimizle her fidemizde kalite ve g\u00fcvenilirli\u011fi garanti ediyoruz.\n\n\u00dcreticilerimizin ba\u015far\u0131s\u0131 i\u00e7in en iyi ba\u015flang\u0131\u00e7 malzemesini sunmak \u00fczere modern tesisimizde \u00e7al\u0131\u015fmaya devam ediyoruz.<\/div><\/div>\t\t\t\t<\/div>\n\t\t\t\t<\/div>\n\t\t\t\t\t<\/div>\n\t\t<\/div>\n\t\t\t\t\t<\/div>\n\t\t<\/section>\n\t\t\t\t<section class=\"elementor-section elementor-top-section elementor-element elementor-element-bae9af4 pbmit-col-stretched-none pbmit-bg-color-over-image elementor-section-boxed elementor-section-height-default elementor-section-height-default\" data-id=\"bae9af4\" data-element_type=\"section\">\n\t\t\t\t\t\t<div class=\"elementor-container elementor-column-gap-default\">\n\t\t\t\t\t<div class=\"elementor-column elementor-col-100 elementor-top-column elementor-element elementor-element-8626102 pbmit-bg-color-over-image\" data-id=\"8626102\" data-element_type=\"column\">\n\t\t\t<div class=\"elementor-widget-wrap elementor-element-populated\">\n\t\t\t\t\t\t<div class=\"elementor-element elementor-element-cb3d865 elementor-arrows-position-inside elementor-pagination-position-outside elementor-widget elementor-widget-image-carousel\" data-id=\"cb3d865\" data-element_type=\"widget\" data-settings=\"{&quot;navigation&quot;:&quot;both&quot;,&quot;autoplay&quot;:&quot;yes&quot;,&quot;pause_on_hover&quot;:&quot;yes&quot;,&quot;pause_on_interaction&quot;:&quot;yes&quot;,&quot;autoplay_speed&quot;:5000,&quot;infinite&quot;:&quot;yes&quot;,&quot;speed&quot;:500}\" data-widget_type=\"image-carousel.default\">\n\t\t\t\t<div class=\"elementor-widget-container\">\n\t\t\t\t\t\t\t<div class=\"elementor-image-carousel-wrapper swiper\" role=\"region\" aria-roledescription=\"carousel\" aria-label=\"Image Carousel\" dir=\"ltr\">\n\t\t\t<div class=\"elementor-image-carousel swiper-wrapper\" aria-live=\"off\">\n\t\t\t\t\t\t\t\t<div class=\"swiper-slide\" role=\"group\" aria-roledescription=\"slide\" aria-label=\"1 of 5\"><figure class=\"swiper-slide-inner\"><img decoding=\"async\" class=\"swiper-slide-image\" src=\"https:\/\/fortunatarim.com\/wp-content\/uploads\/2026\/03\/WhatsApp-Image-2026-03-26-at-21.10.35-770x447.jpeg\" alt=\"WhatsApp Image 2026-03-26 at 21.10.35\" \/><\/figure><\/div><div class=\"swiper-slide\" role=\"group\" aria-roledescription=\"slide\" aria-label=\"2 of 5\"><figure class=\"swiper-slide-inner\"><img decoding=\"async\" class=\"swiper-slide-image\" src=\"https:\/\/fortunatarim.com\/wp-content\/uploads\/2025\/07\/FORTUNA-107-770x447.jpg\" alt=\"FORTUNA-107\" \/><\/figure><\/div><div class=\"swiper-slide\" role=\"group\" aria-roledescription=\"slide\" aria-label=\"3 of 5\"><figure class=\"swiper-slide-inner\"><img decoding=\"async\" class=\"swiper-slide-image\" src=\"https:\/\/fortunatarim.com\/wp-content\/uploads\/2025\/05\/hero1-770x447.jpg\" alt=\"hero1\" \/><\/figure><\/div><div class=\"swiper-slide\" role=\"group\" aria-roledescription=\"slide\" aria-label=\"4 of 5\"><figure class=\"swiper-slide-inner\"><img decoding=\"async\" class=\"swiper-slide-image\" src=\"https:\/\/fortunatarim.com\/wp-content\/uploads\/2026\/03\/WhatsApp-Image-2026-03-27-at-09.41.41-1-scaled-e1774593902270-770x447.jpeg\" alt=\"WhatsApp Image 2026-03-27 at 09.41.41\" \/><\/figure><\/div><div class=\"swiper-slide\" role=\"group\" aria-roledescription=\"slide\" aria-label=\"5 of 5\"><figure class=\"swiper-slide-inner\"><img decoding=\"async\" class=\"swiper-slide-image\" src=\"https:\/\/fortunatarim.com\/wp-content\/uploads\/2026\/03\/WhatsApp-Image-2026-03-27-at-09.42.26-1-770x447.jpeg\" alt=\"WhatsApp Image 2026-03-27 at 09.42.26\" \/><\/figure><\/div>\t\t\t<\/div>\n\t\t\t\t\t\t\t\t\t\t\t\t<div class=\"elementor-swiper-button elementor-swiper-button-prev\" role=\"button\" tabindex=\"0\">\n\t\t\t\t\t\t<i aria-hidden=\"true\" class=\"eicon-chevron-left\"><\/i>\t\t\t\t\t<\/div>\n\t\t\t\t\t<div class=\"elementor-swiper-button elementor-swiper-button-next\" role=\"button\" tabindex=\"0\">\n\t\t\t\t\t\t<i aria-hidden=\"true\" class=\"eicon-chevron-right\"><\/i>\t\t\t\t\t<\/div>\n\t\t\t\t\n\t\t\t\t\t\t\t\t\t<div class=\"swiper-pagination\"><\/div>\n\t\t\t\t\t\t\t\t\t<\/div>\n\t\t\t\t\t\t<\/div>\n\t\t\t\t<\/div>\n\t\t\t\t\t<\/div>\n\t\t<\/div>\n\t\t\t\t\t<\/div>\n\t\t<\/section>\n\t\t\t\t<section class=\"elementor-section elementor-top-section elementor-element elementor-element-7cf567f6 pbmit-col-stretched-none pbmit-bg-color-over-image elementor-section-boxed elementor-section-height-default elementor-section-height-default\" data-id=\"7cf567f6\" data-element_type=\"section\">\n\t\t\t\t\t\t<div class=\"elementor-container elementor-column-gap-default\">\n\t\t\t\t\t<div class=\"elementor-column elementor-col-100 elementor-top-column elementor-element elementor-element-148de0 pbmit-bg-color-over-image\" data-id=\"148de0\" data-element_type=\"column\">\n\t\t\t<div class=\"elementor-widget-wrap elementor-element-populated\">\n\t\t\t\t\t\t<div class=\"elementor-element elementor-element-0210166 elementor-widget elementor-widget-pbmit_heading\" data-id=\"0210166\" data-element_type=\"widget\" data-widget_type=\"pbmit_heading.default\">\n\t\t\t\t<div class=\"elementor-widget-container\">\n\t\t\t\t\t\t<div class=\"pbmit-heading-subheading pbmit-reverse-heading-yes animation-style4\"><h2 class=\"pbmit-element-title\">\r\n\t\t\t\r\n\t\t\t\t\u00dcretimde Ba\u015far\u0131 <br>Do\u011fru \u00c7e\u015fit Se\u00e7iminde Sakl\u0131d\u0131r\u2026\r\n\t\t\t\r\n\t\t\t<\/h2>\r\n\t\t<div class=\"pbmit-heading-desc\">Farkl\u0131 iklim ve \u0131\u015f\u0131klanma ko\u015fullar\u0131na uygun olarak \u00fcretti\u011fimiz \u00e7ilek \u00e7e\u015fitleri , <br>hali haz\u0131rda \u00fcretim yapan i\u015fletmelere daha y\u00fcksek karl\u0131l\u0131k performans\u0131 sa\u011flay\u0131p , sekt\u00f6re yeni giren \u00fcreticilerin de, do\u011fru yolda ilerlemelerini sa\u011flar.\n<\/div><\/div>\t\t\t\t<\/div>\n\t\t\t\t<\/div>\n\t\t\t\t<div class=\"elementor-element elementor-element-2a78b8e elementor-widget elementor-widget-text-editor\" data-id=\"2a78b8e\" data-element_type=\"widget\" data-widget_type=\"text-editor.default\">\n\t\t\t\t<div class=\"elementor-widget-container\">\n\t\t\t\t\t\t\t\t\t<center>\n<h5>\u00c7ilekte \u00c7e\u015fit se\u00e7imi kriterleri :<\/h5>\n<center>\t\t\t\t\t\t\t\t<\/div>\n\t\t\t\t<\/div>\n\t\t\t\t<div class=\"elementor-element elementor-element-9710756 elementor-widget elementor-widget-pbmit_tabs_element\" data-id=\"9710756\" data-element_type=\"widget\" data-widget_type=\"pbmit_tabs_element.default\">\n\t\t\t\t<div class=\"elementor-widget-container\">\n\t\t\t\t\t\r\n\t\t<div class=\"pbmit-tabs\">\r\n\t\t\t\t\t\t<ul class=\"pbmit-tabs-heading\">\r\n\t\t\t\t\t\t\t\t\t\t\t\t\t<li class=\"pbmit-tab-link pbmit-tab-li-active\" data-pbmit-tab=\"1\"><span>\u0130klim verileri<\/span><i class=\"pbmit-base-icon-black-arrow-1\"><\/i><\/li>\r\n\t\t\t\t\t\t\t\t\t\t\t\t\t<li class=\"pbmit-tab-link \" data-pbmit-tab=\"2\"><span>Ekstrem hava ko\u015fullar\u0131 <\/span><i class=\"pbmit-base-icon-black-arrow-1\"><\/i><\/li>\r\n\t\t\t\t\t\t\t\t\t\t\t\t\t<li class=\"pbmit-tab-link \" data-pbmit-tab=\"3\"><span>G\u00fcn uzunlu\u011fu <\/span><i class=\"pbmit-base-icon-black-arrow-1\"><\/i><\/li>\r\n\t\t\t\t\t\t\t\t\t\t\t\t\t<li class=\"pbmit-tab-link \" data-pbmit-tab=\"4\"><span>Deniz Seviyesi<\/span><i class=\"pbmit-base-icon-black-arrow-1\"><\/i><\/li>\r\n\t\t\t\t\t\t\t\t\t\t\t\t\t<li class=\"pbmit-tab-link \" data-pbmit-tab=\"5\"><span>Maksimum Karl\u0131l\u0131k<\/span><i class=\"pbmit-base-icon-black-arrow-1\"><\/i><\/li>\r\n\t\t\t\t\t\t\t<\/ul>\r\n\r\n\t\t\t<div class=\"pbmit-tab-content-wrapper\">\r\n\t\t\t\t\t\t\t\t\t\t\t\t\t\t<div class=\"pbmit-tab-content pbmit-tab-content-1 pbmit-tab-active\">\r\n\t\t\t\t\t\t<div class=\"pbmit-tab-content-title\" data-pbmit-tab=\"1\">\u0130klim verileri<i class=\"pbmit-base-icon-black-arrow-1\"><\/i><\/div>\r\n\t\t\t\t\t\t<div class=\"pbmit-tab-content-inner\">\r\n\t\t\t\t\t\t\t<div class=\"col-xl-12\"><div class=\"inner-content\"><div class=\"row g-0 tab-content-wrap\"><div class=\"col-xl-6 pbmit-tab-img\"><img decoding=\"async\" class=\"wp-image-17484 size-full\" src=\"https:\/\/fortunatarim.com\/fortuna\/wp-content\/uploads\/2025\/05\/1.jpg\" alt=\"\" width=\"100%\" height=\"auto\" \/><\/div><div class=\"col-xl-6 pbmit-tab-list\"><h3>B\u00f6lgenin Uzun Y\u0131llar \u0130klim Verileri<\/h3><p>Fide se\u00e7iminde en temel kriterlerden biri, b\u00f6lgenin ge\u00e7mi\u015f y\u0131llara ait iklim verileridir. S\u0131cakl\u0131k ortalamalar\u0131, don riski, nem d\u00fczeyi ve mevsim ge\u00e7i\u015fleri gibi veriler, \u00e7e\u015fidin geli\u015fimini do\u011frudan etkiler. Bu veriler dikkate al\u0131narak yap\u0131lan se\u00e7imler, \u00fcretimde daha tutarl\u0131 sonu\u00e7lar sa\u011flar.<\/p><ul><li>Mevsimsel s\u0131cakl\u0131k de\u011fi\u015fimleri<\/li><li>Don riski analizleri<\/li><li>Y\u0131ll\u0131k nem ve ya\u011f\u0131\u015f da\u011f\u0131l\u0131m\u0131<\/li><\/ul><\/div><\/div><\/div><\/div>\t\t\t\t\t\t<\/div>\r\n\t\t\t\t\t<\/div>\r\n\t\t\t\t\t\t\t\t\t\t\t\t\t\t<div class=\"pbmit-tab-content pbmit-tab-content-2 \">\r\n\t\t\t\t\t\t<div class=\"pbmit-tab-content-title\" data-pbmit-tab=\"2\">Ekstrem hava ko\u015fullar\u0131 <i class=\"pbmit-base-icon-black-arrow-1\"><\/i><\/div>\r\n\t\t\t\t\t\t<div class=\"pbmit-tab-content-inner\">\r\n\t\t\t\t\t\t\t<div class=\"row g-0\"><div class=\"col-xl-12\"><div class=\"inner-content\"><div class=\"row g-0 tab-content-wrap\"><div class=\"col-xl-6 pbmit-tab-img\">\u00a0<\/div><div class=\"col-xl-6 pbmit-tab-list\"><h3>Ekstrem Hava Ko\u015fullar\u0131<\/h3><div class=\"pbmit-tab-text\"><p class=\"p1\">Baz\u0131 b\u00f6lgelerde d\u00f6nemsel olarak \u015fiddetli r\u00fczgar, dolu, ani s\u0131cakl\u0131k d\u00fc\u015f\u00fc\u015fleri gibi ekstrem ko\u015fullar ya\u015fanabilir. Bu t\u00fcr ko\u015fullara dayan\u0131kl\u0131 fide \u00e7e\u015fitlerinin tercih edilmesi, verim kayb\u0131n\u0131 en aza indirir ve yat\u0131r\u0131m\u0131n korunmas\u0131na katk\u0131 sa\u011flar.<\/p><ul><li>Ani s\u0131cakl\u0131k farklar\u0131na tolerans<\/li><li>R\u00fczgar ve doluya kar\u015f\u0131 yap\u0131sal dayan\u0131kl\u0131l\u0131k<\/li><li>Adaptasyon s\u00fcrecinde stres tolerans\u0131<\/li><\/ul><\/div><\/div><\/div><\/div><\/div><\/div>\t\t\t\t\t\t<\/div>\r\n\t\t\t\t\t<\/div>\r\n\t\t\t\t\t\t\t\t\t\t\t\t\t\t<div class=\"pbmit-tab-content pbmit-tab-content-3 \">\r\n\t\t\t\t\t\t<div class=\"pbmit-tab-content-title\" data-pbmit-tab=\"3\">G\u00fcn uzunlu\u011fu <i class=\"pbmit-base-icon-black-arrow-1\"><\/i><\/div>\r\n\t\t\t\t\t\t<div class=\"pbmit-tab-content-inner\">\r\n\t\t\t\t\t\t\t<div class=\"row g-0\"><div class=\"col-xl-12\"><div class=\"inner-content\"><div class=\"row g-0 tab-content-wrap\"><div class=\"col-xl-6 pbmit-tab-img\">\u00a0<\/div><div class=\"col-xl-6 pbmit-tab-list\"><h3>G\u00fcn Uzunlu\u011fu<\/h3><div class=\"pbmit-tab-text\"><p class=\"p1\">\u00c7ilek bitkisinin \u00e7i\u00e7eklenme ve meyve verme d\u00f6nemleri, g\u00fcn uzunlu\u011funa do\u011frudan ba\u011fl\u0131d\u0131r. \u00dcretim b\u00f6lgesindeki g\u00fcn \u0131\u015f\u0131\u011f\u0131 s\u00fcresi, do\u011fru \u00e7e\u015fit se\u00e7imini belirleyen kritik fakt\u00f6rlerden biridir. Fotoperiyoda duyarl\u0131 olmayan veya n\u00f6tr \u00e7e\u015fitler, farkl\u0131 b\u00f6lgelerde avantaj sa\u011flayabilir.<\/p><ul><li>K\u0131sa g\u00fcn \/ uzun g\u00fcn dengesi<\/li><li>G\u00fcn n\u00f6tr \u00e7e\u015fitlerin avantaj\u0131<\/li><li>\u00c7i\u00e7eklenme s\u00fcrecinde \u0131\u015f\u0131k etkisi<\/li><\/ul><\/div><\/div><\/div><\/div><\/div><\/div>\t\t\t\t\t\t<\/div>\r\n\t\t\t\t\t<\/div>\r\n\t\t\t\t\t\t\t\t\t\t\t\t\t\t<div class=\"pbmit-tab-content pbmit-tab-content-4 \">\r\n\t\t\t\t\t\t<div class=\"pbmit-tab-content-title\" data-pbmit-tab=\"4\">Deniz Seviyesi<i class=\"pbmit-base-icon-black-arrow-1\"><\/i><\/div>\r\n\t\t\t\t\t\t<div class=\"pbmit-tab-content-inner\">\r\n\t\t\t\t\t\t\t<div class=\"row g-0\"><div class=\"col-xl-12\"><div class=\"inner-content\"><div class=\"row g-0 tab-content-wrap\"><div class=\"col-xl-6 pbmit-tab-img\">\u00a0<\/div><div class=\"col-xl-6 pbmit-tab-list\"><h3>Deniz Seviyesinden Y\u00fckseklik<\/h3><p class=\"p1\">Rak\u0131m, hava s\u0131cakl\u0131\u011f\u0131, gece-g\u00fcnd\u00fcz s\u0131cakl\u0131k farklar\u0131, bitki geli\u015fimi \u00fczerinde do\u011frudan etkilidir. Bu nedenle, b\u00fcy\u00fcme ve meyve \u00fcretimi s\u00fcrecinde sorun ya\u015famamak i\u00e7in rak\u0131ma uygun \u00e7e\u015fit se\u00e7imi \u00f6nem ta\u015f\u0131r.<\/p><ul><li><p class=\"p1\">Rak\u0131ma ba\u011fl\u0131 s\u0131cakl\u0131k de\u011fi\u015fimi<\/p><\/li><li><p class=\"p1\">Gece-g\u00fcnd\u00fcz s\u0131cakl\u0131k farklar\u0131<\/p><\/li><li><p class=\"p1\">Geli\u015fim s\u00fcresinde uzama veya daralma<\/p><\/li><\/ul><\/div><\/div><\/div><\/div><\/div>\t\t\t\t\t\t<\/div>\r\n\t\t\t\t\t<\/div>\r\n\t\t\t\t\t\t\t\t\t\t\t\t\t\t<div class=\"pbmit-tab-content pbmit-tab-content-5 \">\r\n\t\t\t\t\t\t<div class=\"pbmit-tab-content-title\" data-pbmit-tab=\"5\">Maksimum Karl\u0131l\u0131k<i class=\"pbmit-base-icon-black-arrow-1\"><\/i><\/div>\r\n\t\t\t\t\t\t<div class=\"pbmit-tab-content-inner\">\r\n\t\t\t\t\t\t\t<div class=\"row g-0\"><div class=\"col-xl-12\"><div class=\"inner-content\"><div class=\"row g-0 tab-content-wrap\"><div class=\"col-xl-6 pbmit-tab-img\">\u00a0<\/div><div class=\"col-xl-6 pbmit-tab-list\"><h3><strong>Maksimum Karl\u0131l\u0131k<\/strong><\/h3><p class=\"p1\">Fide se\u00e7iminde yaln\u0131zca iklim de\u011fil, ekonomik geri d\u00f6n\u00fc\u015f de dikkate al\u0131nmal\u0131d\u0131r. Sezona uygun, pazarda talep g\u00f6ren ve y\u00fcksek verim potansiyeline sahip \u00e7e\u015fitler, \u00fcreticinin yat\u0131r\u0131m\u0131ndan maksimum k\u00e2rl\u0131l\u0131k elde etmesini sa\u011flar. Do\u011fru \u00e7e\u015fit se\u00e7imi, do\u011frudan ekonomik performans\u0131 etkiler.<\/p><ul><li>Y\u00fcksek verimli \u00e7e\u015fitlerin se\u00e7imi<\/li><li>Talep g\u00f6ren meyve \u00f6zellikleri<\/li><li>Hasat zaman\u0131 ve sat\u0131\u015f avantaj\u0131<\/li><\/ul><\/div><\/div><\/div><\/div><\/div>\t\t\t\t\t\t<\/div>\r\n\t\t\t\t\t<\/div>\r\n\t\t\t\t\t\t\t<\/div>\r\n\r\n\t\t\t\t\t<\/div>\r\n\r\n\t\t\t\t\t\t<\/div>\n\t\t\t\t<\/div>\n\t\t\t\t\t<\/div>\n\t\t<\/div>\n\t\t\t\t\t<\/div>\n\t\t<\/section>\n\t\t\t\t<\/div>\n\t\t","protected":false},"excerpt":{"rendered":"<p>\u00dcretim Alan\u0131 fortuna tar\u0131m Fortuna Tar\u0131m olarak, 150.000 m\u00b2&#8217;lik modern ve y\u00fcksek teknolojili \u00fcretim tesisimizde lisansl\u0131 \u00e7ilek fidesi \u00fcretimi ger\u00e7ekle\u015ftiriyoruz. Antalya\u2019n\u0131n iklim avantajlar\u0131n\u0131 ve ileri tar\u0131m teknolojilerini bir araya getirerek, T\u00fcrkiye\u2019nin en kaliteli ve sa\u011fl\u0131kl\u0131 \u00e7ilek fidelerini \u00fcretiyoruz. Tamamen topraks\u0131z tar\u0131m sistemleri ve tam otomasyon teknolojisi ile donat\u0131lm\u0131\u015f tesisimizde \u00fcretim s\u00fcrecinin her a\u015famas\u0131 kontroll\u00fc ortamda [&hellip;]<\/p>\n","protected":false},"author":1,"featured_media":0,"parent":0,"menu_order":4,"comment_status":"closed","ping_status":"closed","template":"","meta":{"_acf_changed":false,"inline_featured_image":false,"footnotes":""},"class_list":["post-85","page","type-page","status-publish","hentry"],"acf":[],"_links":{"self":[{"href":"https:\/\/fortunatarim.com\/index.php?rest_route=\/wp\/v2\/pages\/85","targetHints":{"allow":["GET"]}}],"collection":[{"href":"https:\/\/fortunatarim.com\/index.php?rest_route=\/wp\/v2\/pages"}],"about":[{"href":"https:\/\/fortunatarim.com\/index.php?rest_route=\/wp\/v2\/types\/page"}],"author":[{"embeddable":true,"href":"https:\/\/fortunatarim.com\/index.php?rest_route=\/wp\/v2\/users\/1"}],"replies":[{"embeddable":true,"href":"https:\/\/fortunatarim.com\/index.php?rest_route=%2Fwp%2Fv2%2Fcomments&post=85"}],"version-history":[{"count":109,"href":"https:\/\/fortunatarim.com\/index.php?rest_route=\/wp\/v2\/pages\/85\/revisions"}],"predecessor-version":[{"id":796,"href":"https:\/\/fortunatarim.com\/index.php?rest_route=\/wp\/v2\/pages\/85\/revisions\/796"}],"wp:attachment":[{"href":"https:\/\/fortunatarim.com\/index.php?rest_route=%2Fwp%2Fv2%2Fmedia&parent=85"}],"curies":[{"name":"wp","href":"https:\/\/api.w.org\/{rel}","templated":true}]}}